{"id":135,"date":"2023-06-10T14:03:50","date_gmt":"2023-06-10T14:03:50","guid":{"rendered":"http:\/\/base-padrao.local\/?page_id=135"},"modified":"2024-04-01T13:48:53","modified_gmt":"2024-04-01T13:48:53","slug":"termos-de-uso","status":"publish","type":"page","link":"https:\/\/xiraba.com.br\/en\/terms-of-use\/","title":{"rendered":"TERMS OF USE"},"content":{"rendered":"<div data-elementor-type=\"wp-page\" data-elementor-id=\"135\" class=\"elementor elementor-135\" data-elementor-post-type=\"page\">\n\t\t\t\t<div class=\"elementor-element elementor-element-0f50b47 e-flex e-con-boxed e-con e-parent\" data-id=\"0f50b47\" data-element_type=\"container\" data-settings=\"{&quot;_ha_eqh_enable&quot;:false}\">\n\t\t\t\t\t<div class=\"e-con-inner\">\n\t\t\t\t<div class=\"elementor-element elementor-element-595449a elementor-widget elementor-widget-heading\" data-id=\"595449a\" data-element_type=\"widget\" data-widget_type=\"heading.default\">\n\t\t\t\t<div class=\"elementor-widget-container\">\n\t\t\t<style>\/*! elementor - v3.22.0 - 24-06-2024 *\/\n.elementor-heading-title{padding:0;margin:0;line-height:1}.elementor-widget-heading .elementor-heading-title[class*=elementor-size-]>a{color:inherit;font-size:inherit;line-height:inherit}.elementor-widget-heading .elementor-heading-title.elementor-size-small{font-size:15px}.elementor-widget-heading .elementor-heading-title.elementor-size-medium{font-size:19px}.elementor-widget-heading .elementor-heading-title.elementor-size-large{font-size:29px}.elementor-widget-heading .elementor-heading-title.elementor-size-xl{font-size:39px}.elementor-widget-heading .elementor-heading-title.elementor-size-xxl{font-size:59px}<\/style><h1 class=\"elementor-heading-title elementor-size-default\">TERMS OF USE<\/h1>\t\t<\/div>\n\t\t\t\t<\/div>\n\t\t\t\t\t<\/div>\n\t\t\t\t<\/div>\n\t\t<div class=\"elementor-element elementor-element-b9bff34 e-flex e-con-boxed e-con e-parent\" data-id=\"b9bff34\" data-element_type=\"container\" data-settings=\"{&quot;_ha_eqh_enable&quot;:false}\">\n\t\t\t\t\t<div class=\"e-con-inner\">\n\t\t\t\t<div class=\"elementor-element elementor-element-614d083 elementor-widget elementor-widget-text-editor\" data-id=\"614d083\" data-element_type=\"widget\" data-widget_type=\"text-editor.default\">\n\t\t\t\t<div class=\"elementor-widget-container\">\n\t\t\t<style>\/*! elementor - v3.22.0 - 24-06-2024 *\/\n.elementor-widget-text-editor.elementor-drop-cap-view-stacked .elementor-drop-cap{background-color:#69727d;color:#fff}.elementor-widget-text-editor.elementor-drop-cap-view-framed .elementor-drop-cap{color:#69727d;border:3px solid;background-color:transparent}.elementor-widget-text-editor:not(.elementor-drop-cap-view-default) .elementor-drop-cap{margin-top:8px}.elementor-widget-text-editor:not(.elementor-drop-cap-view-default) .elementor-drop-cap-letter{width:1em;height:1em}.elementor-widget-text-editor .elementor-drop-cap{float:left;text-align:center;line-height:1;font-size:50px}.elementor-widget-text-editor .elementor-drop-cap-letter{display:inline-block}<\/style>\t\t\t\t<h2><strong>1. Terms<\/strong><\/h2><p>By accessing the Xiraba Sistemas website, now referred to as \"Xiraba\" hereafter, the user agrees to abide by these terms of service, all applicable laws, and regulations, and agrees that they are responsible for compliance with any applicable local laws. If you do not agree with any of these terms, you are prohibited from using or accessing this site. The materials contained on this site are protected by applicable copyright and trademark law.<\/p><p>\u00a0<\/p><h2><strong>2. License Use<\/strong><\/h2><p>Permission is granted to temporarily download one copy of the materials (information or software) on the Xiraba website for personal, non-commercial transitory viewing only. This is the grant of a license, not a transfer of title, and under this license, you may not:<\/p><p>modify or copy the materials;<br \/>use the materials for any commercial purpose, or for any public display (commercial or non-commercial);<br \/>attempt to decompile or reverse engineer any software contained on the Xiraba website;<br \/>remove any copyright or other proprietary notations from the materials; \nnor<br \/>transfer the materials to another person or replicate the materials on any other server.<\/p><p>\u00a0<\/p><h2><strong>3. Liability Disclaimer<\/strong><\/h2><p>The materials on Xiraba's website are provided 'as is'. Xiraba makes no warranties, expressed or implied, and hereby disclaims and negates all other warranties, including without limitation, implied warranties or conditions of merchantability, fitness for a particular purpose, or non-infringement of intellectual property or other violation of rights. Further, Xiraba does not warrant or make any representations concerning the accuracy, likely results, or reliability of the use of the materials on its website or otherwise relating to such materials or on any sites linked to this site.<\/p><p>\u00a0<\/p><h2><strong>4. Limitations<\/strong><\/h2><p>In no event shall Xiraba or its suppliers be liable for any damages (including, without limitation, damages for loss of data or profit, or due to business interruption) arising out of the use or inability to use the materials on Xiraba's website, even if a Xiraba authorized representative has been notified orally or in writing of the possibility of such damage. Because some jurisdictions do not allow limitations on implied warranties, or limitations of liability for consequential or incidental damages, these limitations may not apply to you.<\/p><p>\u00a0<\/p><h2><strong>5. Accuracy of materials<\/strong><\/h2><p>The materials appearing on Xiraba's website could include technical, typographical, or photographic errors. Xiraba does not warrant that any of the materials on its website are accurate, complete, or current. Xiraba may make changes to the materials contained on its website at any time without notice. However, Xiraba does not make any commitment to update the materials.<\/p><p>\u00a0<\/p><h2><strong>6. Links<\/strong><\/h2><p>Xiraba has not reviewed all of the sites linked to its website and is not responsible for the contents of any such linked site. The inclusion of any link does not imply endorsement by Xiraba of the site. Use of any such linked website is at the user's own risk.<\/p><p>\u00a0<\/p><h2><strong>7. Modifications<\/strong><\/h2><p>Xiraba may revise these terms of service for its website at any time without notice. By using this website, you are agreeing to be bound by the then current version of these Terms of Use.<\/p><p>\u00a0<\/p><h2><strong>8. Governing Law<\/strong><\/h2><p>These terms and conditions are governed by and construed in accordance with the laws of the jurisdiction where Xiraba is located (Jaragu\u00e1 do Sul, Santa Catarina, Brazil), and you irrevocably submit to the exclusive jurisdiction of the courts in that state or location.<\/p>\t\t\t\t\t\t<\/div>\n\t\t\t\t<\/div>\n\t\t\t\t\t<\/div>\n\t\t\t\t<\/div>\n\t\t\t\t<\/div>","protected":false},"excerpt":{"rendered":"<p>1. Termos Ao acessar o site da Xiraba Sistemas, agora chamada aqui de \u201cXiraba\u201d, o usu\u00e1rio concorda em cumprir estes termos de servi\u00e7o, todas as leis e regulamentos aplic\u00e1veis \u200b\u200be concorda que \u00e9 respons\u00e1vel pelo cumprimento de todas as leis locais aplic\u00e1veis. Se voc\u00ea n\u00e3o concordar com algum desses termos, est\u00e1 proibido de usar ou [&hellip;]<\/p>","protected":false},"author":5,"featured_media":0,"parent":0,"menu_order":0,"comment_status":"closed","ping_status":"closed","template":"","meta":{"inline_featured_image":false,"footnotes":""},"yoast_head":"<!-- This site is optimized with the Yoast SEO plugin v22.9 - https:\/\/yoast.com\/wordpress\/plugins\/seo\/ -->\n<title>Termos de uso - Xiraba<\/title>\n<meta name=\"robots\" content=\"index, follow, max-snippet:-1, max-image-preview:large, max-video-preview:-1\" \/>\n<link rel=\"canonical\" href=\"https:\/\/xiraba.com.br\/en\/terms-of-use\/\" \/>\n<meta property=\"og:locale\" content=\"en_US\" \/>\n<meta property=\"og:type\" content=\"article\" \/>\n<meta property=\"og:title\" content=\"Termos de uso - Xiraba\" \/>\n<meta property=\"og:description\" content=\"1. Termos Ao acessar o site da Xiraba Sistemas, agora chamada aqui de \u201cXiraba\u201d, o usu\u00e1rio concorda em cumprir estes termos de servi\u00e7o, todas as leis e regulamentos aplic\u00e1veis \u200b\u200be concorda que \u00e9 respons\u00e1vel pelo cumprimento de todas as leis locais aplic\u00e1veis. Se voc\u00ea n\u00e3o concordar com algum desses termos, est\u00e1 proibido de usar ou [&hellip;]\" \/>\n<meta property=\"og:url\" content=\"https:\/\/xiraba.com.br\/en\/terms-of-use\/\" \/>\n<meta property=\"og:site_name\" content=\"Xiraba\" \/>\n<meta property=\"article:modified_time\" content=\"2024-04-01T13:48:53+00:00\" \/>\n<meta name=\"twitter:card\" content=\"summary_large_image\" \/>\n<meta name=\"twitter:label1\" content=\"Est. reading time\" \/>\n\t<meta name=\"twitter:data1\" content=\"4 minutes\" \/>\n<script type=\"application\/ld+json\" class=\"yoast-schema-graph\">{\"@context\":\"https:\/\/schema.org\",\"@graph\":[{\"@type\":\"WebPage\",\"@id\":\"https:\/\/xiraba.com.br\/termos-de-uso\/\",\"url\":\"https:\/\/xiraba.com.br\/termos-de-uso\/\",\"name\":\"Termos de uso - Xiraba\",\"isPartOf\":{\"@id\":\"https:\/\/xiraba.com.br\/#website\"},\"datePublished\":\"2023-06-10T14:03:50+00:00\",\"dateModified\":\"2024-04-01T13:48:53+00:00\",\"breadcrumb\":{\"@id\":\"https:\/\/xiraba.com.br\/termos-de-uso\/#breadcrumb\"},\"inLanguage\":\"en-US\",\"potentialAction\":[{\"@type\":\"ReadAction\",\"target\":[\"https:\/\/xiraba.com.br\/termos-de-uso\/\"]}]},{\"@type\":\"BreadcrumbList\",\"@id\":\"https:\/\/xiraba.com.br\/termos-de-uso\/#breadcrumb\",\"itemListElement\":[{\"@type\":\"ListItem\",\"position\":1,\"name\":\"Home\",\"item\":\"https:\/\/xiraba.com.br\/\"},{\"@type\":\"ListItem\",\"position\":2,\"name\":\"Termos de uso\"}]},{\"@type\":\"WebSite\",\"@id\":\"https:\/\/xiraba.com.br\/#website\",\"url\":\"https:\/\/xiraba.com.br\/\",\"name\":\"Xiraba\",\"description\":\"Novas possibilidades\",\"publisher\":{\"@id\":\"https:\/\/xiraba.com.br\/#organization\"},\"potentialAction\":[{\"@type\":\"SearchAction\",\"target\":{\"@type\":\"EntryPoint\",\"urlTemplate\":\"https:\/\/xiraba.com.br\/?s={search_term_string}\"},\"query-input\":\"required name=search_term_string\"}],\"inLanguage\":\"en-US\"},{\"@type\":\"Organization\",\"@id\":\"https:\/\/xiraba.com.br\/#organization\",\"name\":\"Xiraba\",\"url\":\"https:\/\/xiraba.com.br\/\",\"logo\":{\"@type\":\"ImageObject\",\"inLanguage\":\"en-US\",\"@id\":\"https:\/\/xiraba.com.br\/#\/schema\/logo\/image\/\",\"url\":\"https:\/\/xiraba.com.br\/wp-content\/uploads\/2024\/03\/logotipo-xibara.svg\",\"contentUrl\":\"https:\/\/xiraba.com.br\/wp-content\/uploads\/2024\/03\/logotipo-xibara.svg\",\"width\":229,\"height\":80,\"caption\":\"Xiraba\"},\"image\":{\"@id\":\"https:\/\/xiraba.com.br\/#\/schema\/logo\/image\/\"}}]}<\/script>\n<!-- \/ Yoast SEO plugin. -->","yoast_head_json":{"title":"Termos de uso - Xiraba","robots":{"index":"index","follow":"follow","max-snippet":"max-snippet:-1","max-image-preview":"max-image-preview:large","max-video-preview":"max-video-preview:-1"},"canonical":"https:\/\/xiraba.com.br\/en\/terms-of-use\/","og_locale":"en_US","og_type":"article","og_title":"Termos de uso - Xiraba","og_description":"1. Termos Ao acessar o site da Xiraba Sistemas, agora chamada aqui de \u201cXiraba\u201d, o usu\u00e1rio concorda em cumprir estes termos de servi\u00e7o, todas as leis e regulamentos aplic\u00e1veis \u200b\u200be concorda que \u00e9 respons\u00e1vel pelo cumprimento de todas as leis locais aplic\u00e1veis. Se voc\u00ea n\u00e3o concordar com algum desses termos, est\u00e1 proibido de usar ou [&hellip;]","og_url":"https:\/\/xiraba.com.br\/en\/terms-of-use\/","og_site_name":"Xiraba","article_modified_time":"2024-04-01T13:48:53+00:00","twitter_card":"summary_large_image","twitter_misc":{"Est. reading time":"4 minutes"},"schema":{"@context":"https:\/\/schema.org","@graph":[{"@type":"WebPage","@id":"https:\/\/xiraba.com.br\/termos-de-uso\/","url":"https:\/\/xiraba.com.br\/termos-de-uso\/","name":"Termos de uso - Xiraba","isPartOf":{"@id":"https:\/\/xiraba.com.br\/#website"},"datePublished":"2023-06-10T14:03:50+00:00","dateModified":"2024-04-01T13:48:53+00:00","breadcrumb":{"@id":"https:\/\/xiraba.com.br\/termos-de-uso\/#breadcrumb"},"inLanguage":"en-US","potentialAction":[{"@type":"ReadAction","target":["https:\/\/xiraba.com.br\/termos-de-uso\/"]}]},{"@type":"BreadcrumbList","@id":"https:\/\/xiraba.com.br\/termos-de-uso\/#breadcrumb","itemListElement":[{"@type":"ListItem","position":1,"name":"Home","item":"https:\/\/xiraba.com.br\/"},{"@type":"ListItem","position":2,"name":"Termos de uso"}]},{"@type":"WebSite","@id":"https:\/\/xiraba.com.br\/#website","url":"https:\/\/xiraba.com.br\/","name":"Xiraba","description":"Novas possibilidades","publisher":{"@id":"https:\/\/xiraba.com.br\/#organization"},"potentialAction":[{"@type":"SearchAction","target":{"@type":"EntryPoint","urlTemplate":"https:\/\/xiraba.com.br\/?s={search_term_string}"},"query-input":"required name=search_term_string"}],"inLanguage":"en-US"},{"@type":"Organization","@id":"https:\/\/xiraba.com.br\/#organization","name":"Xiraba","url":"https:\/\/xiraba.com.br\/","logo":{"@type":"ImageObject","inLanguage":"en-US","@id":"https:\/\/xiraba.com.br\/#\/schema\/logo\/image\/","url":"https:\/\/xiraba.com.br\/wp-content\/uploads\/2024\/03\/logotipo-xibara.svg","contentUrl":"https:\/\/xiraba.com.br\/wp-content\/uploads\/2024\/03\/logotipo-xibara.svg","width":229,"height":80,"caption":"Xiraba"},"image":{"@id":"https:\/\/xiraba.com.br\/#\/schema\/logo\/image\/"}}]}},"_links":{"self":[{"href":"https:\/\/xiraba.com.br\/en\/wp-json\/wp\/v2\/pages\/135"}],"collection":[{"href":"https:\/\/xiraba.com.br\/en\/wp-json\/wp\/v2\/pages"}],"about":[{"href":"https:\/\/xiraba.com.br\/en\/wp-json\/wp\/v2\/types\/page"}],"author":[{"embeddable":true,"href":"https:\/\/xiraba.com.br\/en\/wp-json\/wp\/v2\/users\/5"}],"replies":[{"embeddable":true,"href":"https:\/\/xiraba.com.br\/en\/wp-json\/wp\/v2\/comments?post=135"}],"version-history":[{"count":13,"href":"https:\/\/xiraba.com.br\/en\/wp-json\/wp\/v2\/pages\/135\/revisions"}],"predecessor-version":[{"id":1468,"href":"https:\/\/xiraba.com.br\/en\/wp-json\/wp\/v2\/pages\/135\/revisions\/1468"}],"wp:attachment":[{"href":"https:\/\/xiraba.com.br\/en\/wp-json\/wp\/v2\/media?parent=135"}],"curies":[{"name":"wp","href":"https:\/\/api.w.org\/{rel}","templated":true}]}}